{"id":10,"date":"2024-04-09T16:26:38","date_gmt":"2024-04-09T16:26:38","guid":{"rendered":"https:\/\/kosar.it-works.hu\/index.php\/fiokom\/"},"modified":"2024-04-09T16:26:38","modified_gmt":"2024-04-09T16:26:38","slug":"fiokom","status":"publish","type":"page","link":"https:\/\/kosar.it-works.hu\/index.php\/fiokom\/","title":{"rendered":"Fi\u00f3kom"},"content":{"rendered":"<div class=\"woocommerce\"><\/div>","protected":false},"excerpt":{"rendered":"","protected":false},"author":1,"featured_media":0,"parent":0,"menu_order":0,"comment_status":"closed","ping_status":"closed","template":"","meta":{"footnotes":""},"class_list":["post-10","page","type-page","status-publish","hentry"],"yoast_head":"<!-- This site is optimized with the Yoast SEO plugin v22.7 - https:\/\/yoast.com\/wordpress\/plugins\/seo\/ -->\n<title>Fi\u00f3kom - Ny\u00edregyh\u00e1zi Kos\u00e1r K\u00f6z\u00f6ss\u00e9g<\/title>\n<meta name=\"robots\" content=\"index, follow, max-snippet:-1, max-image-preview:large, max-video-preview:-1\" \/>\n<link rel=\"canonical\" href=\"https:\/\/kosar.it-works.hu\/index.php\/fiokom\/\" \/>\n<meta property=\"og:locale\" content=\"hu_HU\" \/>\n<meta property=\"og:type\" content=\"article\" \/>\n<meta property=\"og:title\" content=\"Fi\u00f3kom - Ny\u00edregyh\u00e1zi Kos\u00e1r K\u00f6z\u00f6ss\u00e9g\" \/>\n<meta property=\"og:url\" content=\"https:\/\/kosar.it-works.hu\/index.php\/fiokom\/\" \/>\n<meta property=\"og:site_name\" content=\"Ny\u00edregyh\u00e1zi Kos\u00e1r K\u00f6z\u00f6ss\u00e9g\" \/>\n<meta name=\"twitter:card\" content=\"summary_large_image\" \/>\n<script type=\"application\/ld+json\" class=\"yoast-schema-graph\">{\"@context\":\"https:\/\/schema.org\",\"@graph\":[{\"@type\":\"WebPage\",\"@id\":\"https:\/\/kosar.it-works.hu\/index.php\/fiokom\/\",\"url\":\"https:\/\/kosar.it-works.hu\/index.php\/fiokom\/\",\"name\":\"Fi\u00f3kom - Ny\u00edregyh\u00e1zi Kos\u00e1r K\u00f6z\u00f6ss\u00e9g\",\"isPartOf\":{\"@id\":\"https:\/\/kosar.it-works.hu\/#website\"},\"datePublished\":\"2024-04-09T16:26:38+00:00\",\"dateModified\":\"2024-04-09T16:26:38+00:00\",\"breadcrumb\":{\"@id\":\"https:\/\/kosar.it-works.hu\/index.php\/fiokom\/#breadcrumb\"},\"inLanguage\":\"hu\",\"potentialAction\":[{\"@type\":\"ReadAction\",\"target\":[\"https:\/\/kosar.it-works.hu\/index.php\/fiokom\/\"]}]},{\"@type\":\"BreadcrumbList\",\"@id\":\"https:\/\/kosar.it-works.hu\/index.php\/fiokom\/#breadcrumb\",\"itemListElement\":[{\"@type\":\"ListItem\",\"position\":1,\"name\":\"Kezd\u0151lap\",\"item\":\"https:\/\/kosar.it-works.hu\/\"},{\"@type\":\"ListItem\",\"position\":2,\"name\":\"Fi\u00f3kom\"}]},{\"@type\":\"WebSite\",\"@id\":\"https:\/\/kosar.it-works.hu\/#website\",\"url\":\"https:\/\/kosar.it-works.hu\/\",\"name\":\"Ny\u00edregyh\u00e1zi Kos\u00e1r K\u00f6z\u00f6ss\u00e9g\",\"description\":\"\",\"potentialAction\":[{\"@type\":\"SearchAction\",\"target\":{\"@type\":\"EntryPoint\",\"urlTemplate\":\"https:\/\/kosar.it-works.hu\/?s={search_term_string}\"},\"query-input\":\"required name=search_term_string\"}],\"inLanguage\":\"hu\"}]}<\/script>\n<!-- \/ Yoast SEO plugin. -->","yoast_head_json":{"title":"Fi\u00f3kom - Ny\u00edregyh\u00e1zi Kos\u00e1r K\u00f6z\u00f6ss\u00e9g","robots":{"index":"index","follow":"follow","max-snippet":"max-snippet:-1","max-image-preview":"max-image-preview:large","max-video-preview":"max-video-preview:-1"},"canonical":"https:\/\/kosar.it-works.hu\/index.php\/fiokom\/","og_locale":"hu_HU","og_type":"article","og_title":"Fi\u00f3kom - Ny\u00edregyh\u00e1zi Kos\u00e1r K\u00f6z\u00f6ss\u00e9g","og_url":"https:\/\/kosar.it-works.hu\/index.php\/fiokom\/","og_site_name":"Ny\u00edregyh\u00e1zi Kos\u00e1r K\u00f6z\u00f6ss\u00e9g","twitter_card":"summary_large_image","schema":{"@context":"https:\/\/schema.org","@graph":[{"@type":"WebPage","@id":"https:\/\/kosar.it-works.hu\/index.php\/fiokom\/","url":"https:\/\/kosar.it-works.hu\/index.php\/fiokom\/","name":"Fi\u00f3kom - Ny\u00edregyh\u00e1zi Kos\u00e1r K\u00f6z\u00f6ss\u00e9g","isPartOf":{"@id":"https:\/\/kosar.it-works.hu\/#website"},"datePublished":"2024-04-09T16:26:38+00:00","dateModified":"2024-04-09T16:26:38+00:00","breadcrumb":{"@id":"https:\/\/kosar.it-works.hu\/index.php\/fiokom\/#breadcrumb"},"inLanguage":"hu","potentialAction":[{"@type":"ReadAction","target":["https:\/\/kosar.it-works.hu\/index.php\/fiokom\/"]}]},{"@type":"BreadcrumbList","@id":"https:\/\/kosar.it-works.hu\/index.php\/fiokom\/#breadcrumb","itemListElement":[{"@type":"ListItem","position":1,"name":"Kezd\u0151lap","item":"https:\/\/kosar.it-works.hu\/"},{"@type":"ListItem","position":2,"name":"Fi\u00f3kom"}]},{"@type":"WebSite","@id":"https:\/\/kosar.it-works.hu\/#website","url":"https:\/\/kosar.it-works.hu\/","name":"Ny\u00edregyh\u00e1zi Kos\u00e1r K\u00f6z\u00f6ss\u00e9g","description":"","potentialAction":[{"@type":"SearchAction","target":{"@type":"EntryPoint","urlTemplate":"https:\/\/kosar.it-works.hu\/?s={search_term_string}"},"query-input":"required name=search_term_string"}],"inLanguage":"hu"}]}},"jetpack_sharing_enabled":true,"_links":{"self":[{"href":"https:\/\/kosar.it-works.hu\/index.php\/wp-json\/wp\/v2\/pages\/10"}],"collection":[{"href":"https:\/\/kosar.it-works.hu\/index.php\/wp-json\/wp\/v2\/pages"}],"about":[{"href":"https:\/\/kosar.it-works.hu\/index.php\/wp-json\/wp\/v2\/types\/page"}],"author":[{"embeddable":true,"href":"https:\/\/kosar.it-works.hu\/index.php\/wp-json\/wp\/v2\/users\/1"}],"replies":[{"embeddable":true,"href":"https:\/\/kosar.it-works.hu\/index.php\/wp-json\/wp\/v2\/comments?post=10"}],"version-history":[{"count":0,"href":"https:\/\/kosar.it-works.hu\/index.php\/wp-json\/wp\/v2\/pages\/10\/revisions"}],"wp:attachment":[{"href":"https:\/\/kosar.it-works.hu\/index.php\/wp-json\/wp\/v2\/media?parent=10"}],"curies":[{"name":"wp","href":"https:\/\/api.w.org\/{rel}","templated":true}]}}